{"id":2,"date":"2023-12-14T06:16:19","date_gmt":"2023-12-14T06:16:19","guid":{"rendered":"https:\/\/inmobiliariaargenta.com\/?page_id=2"},"modified":"2025-02-19T12:25:47","modified_gmt":"2025-02-19T12:25:47","slug":"quienes-somos","status":"publish","type":"page","link":"https:\/\/inmobiliariaargenta.com\/?page_id=2","title":{"rendered":"Quienes Somos"},"content":{"rendered":"\t\t<div data-elementor-type=\"wp-page\" data-elementor-id=\"2\" class=\"elementor elementor-2\">\n\t\t\t\t<div class=\"elementor-element elementor-element-0cee656 e-flex e-con-boxed e-con e-parent\" data-id=\"0cee656\" data-element_type=\"container\">\n\t\t\t\t\t<div class=\"e-con-inner\">\n\t\t\t\t<div class=\"elementor-element elementor-element-c18cd36 elementor-widget elementor-widget-spacer\" data-id=\"c18cd36\" data-element_type=\"widget\" data-widget_type=\"spacer.default\">\n\t\t\t\t<div class=\"elementor-widget-container\">\n\t\t\t\t\t\t\t<div class=\"elementor-spacer\">\n\t\t\t<div class=\"elementor-spacer-inner\"><\/div>\n\t\t<\/div>\n\t\t\t\t\t\t<\/div>\n\t\t\t\t<\/div>\n\t\t\t\t\t<\/div>\n\t\t\t\t<\/div>\n\t\t<div class=\"elementor-element elementor-element-f4cfa7c e-flex e-con-boxed e-con e-parent\" data-id=\"f4cfa7c\" data-element_type=\"container\">\n\t\t\t\t\t<div class=\"e-con-inner\">\n\t\t\t\t<div class=\"elementor-element elementor-element-9a3638b elementor-widget elementor-widget-heading\" data-id=\"9a3638b\" data-element_type=\"widget\" data-widget_type=\"heading.default\">\n\t\t\t\t<div class=\"elementor-widget-container\">\n\t\t\t\t\t<h2 class=\"elementor-heading-title elementor-size-xl\">Inmobiliaria Argenta: Tu hogar, nuestra prioridad.<\/h2>\t\t\t\t<\/div>\n\t\t\t\t<\/div>\n\t\t\t\t\t<\/div>\n\t\t\t\t<\/div>\n\t\t<div class=\"elementor-element elementor-element-8cfd298 e-flex e-con-boxed e-con e-parent\" data-id=\"8cfd298\" data-element_type=\"container\">\n\t\t\t\t\t<div class=\"e-con-inner\">\n\t\t\t\t<div class=\"elementor-element elementor-element-d5444cb elementor-widget elementor-widget-spacer\" data-id=\"d5444cb\" data-element_type=\"widget\" data-widget_type=\"spacer.default\">\n\t\t\t\t<div class=\"elementor-widget-container\">\n\t\t\t\t\t\t\t<div class=\"elementor-spacer\">\n\t\t\t<div class=\"elementor-spacer-inner\"><\/div>\n\t\t<\/div>\n\t\t\t\t\t\t<\/div>\n\t\t\t\t<\/div>\n\t\t\t\t\t<\/div>\n\t\t\t\t<\/div>\n\t\t<div class=\"elementor-element elementor-element-abd7f9d e-flex e-con-boxed e-con e-parent\" data-id=\"abd7f9d\" data-element_type=\"container\">\n\t\t\t\t\t<div class=\"e-con-inner\">\n\t\t<div class=\"elementor-element elementor-element-22e83e7 e-con-full e-flex e-con e-child\" data-id=\"22e83e7\" data-element_type=\"container\">\n\t\t\t\t<div class=\"elementor-element elementor-element-82e2f85 elementor-widget elementor-widget-image\" data-id=\"82e2f85\" data-element_type=\"widget\" data-widget_type=\"image.default\">\n\t\t\t\t<div class=\"elementor-widget-container\">\n\t\t\t\t\t\t\t\t\t\t\t\t\t\t\t<img fetchpriority=\"high\" decoding=\"async\" width=\"640\" height=\"413\" src=\"https:\/\/inmobiliariaargenta.com\/wp-content\/uploads\/2025\/02\/pexels-tranmautritam-225502-1024x661.jpg\" class=\"attachment-large size-large wp-image-195\" alt=\"\" srcset=\"https:\/\/inmobiliariaargenta.com\/wp-content\/uploads\/2025\/02\/pexels-tranmautritam-225502-1024x661.jpg 1024w, https:\/\/inmobiliariaargenta.com\/wp-content\/uploads\/2025\/02\/pexels-tranmautritam-225502-300x194.jpg 300w, https:\/\/inmobiliariaargenta.com\/wp-content\/uploads\/2025\/02\/pexels-tranmautritam-225502-768x496.jpg 768w, https:\/\/inmobiliariaargenta.com\/wp-content\/uploads\/2025\/02\/pexels-tranmautritam-225502-1536x992.jpg 1536w, https:\/\/inmobiliariaargenta.com\/wp-content\/uploads\/2025\/02\/pexels-tranmautritam-225502-2048x1323.jpg 2048w\" sizes=\"(max-width: 640px) 100vw, 640px\" \/>\t\t\t\t\t\t\t\t\t\t\t\t\t\t\t<\/div>\n\t\t\t\t<\/div>\n\t\t\t\t<\/div>\n\t\t<div class=\"elementor-element elementor-element-8674d87 e-con-full e-flex e-con e-child\" data-id=\"8674d87\" data-element_type=\"container\">\n\t\t\t\t<div class=\"elementor-element elementor-element-b9ec866 elementor-widget elementor-widget-text-editor\" data-id=\"b9ec866\" data-element_type=\"widget\" data-widget_type=\"text-editor.default\">\n\t\t\t\t<div class=\"elementor-widget-container\">\n\t\t\t\t\t\t\t\t\t<p><strong>\u00bfPor qu\u00e9 elegirnos?<\/strong><\/p><ul><li><p><strong>Experiencia y conocimiento:<\/strong> Conocemos a la perfecci\u00f3n el mercado local, lo que nos permite ofrecerte las mejores opciones y asesorarte de manera personalizada.<\/p><\/li><li><p><strong>Atenci\u00f3n al cliente personalizada:<\/strong> Tu satisfacci\u00f3n es nuestra prioridad. Escuchamos tus necesidades y te brindamos un servicio cercano y transparente en cada operaci\u00f3n.<\/p><\/li><li><p><strong>Amplia gama de servicios:<\/strong> Ya sea que quieras alquilar, comprar o vender, contamos con la experiencia y los recursos para ayudarte a encontrar el inmueble perfecto.<\/p><\/li><li><p><strong>Compromiso con la sostenibilidad:<\/strong> Creemos en un futuro m\u00e1s sostenible. Por eso, trabajamos para reducir nuestro impacto ambiental y promover la eficiencia energ\u00e9tica en el sector inmobiliario.<\/p><\/li><\/ul>\t\t\t\t\t\t\t\t<\/div>\n\t\t\t\t<\/div>\n\t\t\t\t<\/div>\n\t\t\t\t\t<\/div>\n\t\t\t\t<\/div>\n\t\t<div class=\"elementor-element elementor-element-ac28db9 e-flex e-con-boxed e-con e-parent\" data-id=\"ac28db9\" data-element_type=\"container\">\n\t\t\t\t\t<div class=\"e-con-inner\">\n\t\t\t\t<div class=\"elementor-element elementor-element-033fb53 elementor-widget elementor-widget-spacer\" data-id=\"033fb53\" data-element_type=\"widget\" data-widget_type=\"spacer.default\">\n\t\t\t\t<div class=\"elementor-widget-container\">\n\t\t\t\t\t\t\t<div class=\"elementor-spacer\">\n\t\t\t<div class=\"elementor-spacer-inner\"><\/div>\n\t\t<\/div>\n\t\t\t\t\t\t<\/div>\n\t\t\t\t<\/div>\n\t\t\t\t\t<\/div>\n\t\t\t\t<\/div>\n\t\t<div class=\"elementor-element elementor-element-616d858 e-con-full e-flex e-con e-parent\" data-id=\"616d858\" data-element_type=\"container\">\n\t\t<div class=\"elementor-element elementor-element-7bc03b0 e-con-full e-flex e-con e-child\" data-id=\"7bc03b0\" data-element_type=\"container\">\n\t\t\t\t<div class=\"elementor-element elementor-element-e3e7a26 elementor-widget__width-initial elementor-widget elementor-widget-text-editor\" data-id=\"e3e7a26\" data-element_type=\"widget\" data-widget_type=\"text-editor.default\">\n\t\t\t\t<div class=\"elementor-widget-container\">\n\t\t\t\t\t\t\t\t\t<p>\u00a0<\/p><p><strong>\u00bfQu\u00e9 ofrecemos?<\/strong><\/p><ul><li><strong>Amplio cat\u00e1logo de propiedades:<\/strong> Te ofrecemos una gran variedad de opciones para que encuentres el hogar que siempre has so\u00f1ado.<\/li><li><strong>Asesoramiento experto:<\/strong> Te guiaremos en todo el proceso, desde la b\u00fasqueda hasta la firma de la escritura, resolviendo todas tus dudas.<\/li><li><strong>Valoraci\u00f3n gratuita de tu inmueble:<\/strong> Si quieres vender tu propiedad, te ofrecemos una valoraci\u00f3n profesional y sin compromiso.<\/li><li><strong>Trato cercano y profesional:<\/strong> Nos esforzamos por construir relaciones duraderas con nuestros clientes, basadas en la confianza y la transparencia.<\/li><\/ul>\t\t\t\t\t\t\t\t<\/div>\n\t\t\t\t<\/div>\n\t\t\t\t<\/div>\n\t\t\t\t<div class=\"elementor-element elementor-element-6123efd elementor-widget elementor-widget-image\" data-id=\"6123efd\" data-element_type=\"widget\" data-widget_type=\"image.default\">\n\t\t\t\t<div class=\"elementor-widget-container\">\n\t\t\t\t\t\t\t\t\t\t\t\t\t\t\t<img decoding=\"async\" width=\"1920\" height=\"1279\" src=\"https:\/\/inmobiliariaargenta.com\/wp-content\/uploads\/2025\/02\/Untitled-design-1.png\" class=\"attachment-full size-full wp-image-242\" alt=\"\" srcset=\"https:\/\/inmobiliariaargenta.com\/wp-content\/uploads\/2025\/02\/Untitled-design-1.png 1920w, https:\/\/inmobiliariaargenta.com\/wp-content\/uploads\/2025\/02\/Untitled-design-1-300x200.png 300w, https:\/\/inmobiliariaargenta.com\/wp-content\/uploads\/2025\/02\/Untitled-design-1-1024x682.png 1024w, https:\/\/inmobiliariaargenta.com\/wp-content\/uploads\/2025\/02\/Untitled-design-1-768x512.png 768w, https:\/\/inmobiliariaargenta.com\/wp-content\/uploads\/2025\/02\/Untitled-design-1-1536x1023.png 1536w\" sizes=\"(max-width: 1920px) 100vw, 1920px\" \/>\t\t\t\t\t\t\t\t\t\t\t\t\t\t\t<\/div>\n\t\t\t\t<\/div>\n\t\t\t\t<\/div>\n\t\t<div class=\"elementor-element elementor-element-62b2d10 e-flex e-con-boxed e-con e-parent\" data-id=\"62b2d10\" data-element_type=\"container\">\n\t\t\t\t\t<div class=\"e-con-inner\">\n\t\t<div class=\"elementor-element elementor-element-06625c2 e-con-full e-flex e-con e-child\" data-id=\"06625c2\" data-element_type=\"container\">\n\t\t\t\t<\/div>\n\t\t<div class=\"elementor-element elementor-element-202bae2 e-con-full e-flex e-con e-child\" data-id=\"202bae2\" data-element_type=\"container\">\n\t\t\t\t<\/div>\n\t\t\t\t\t<\/div>\n\t\t\t\t<\/div>\n\t\t<div class=\"elementor-element elementor-element-9cc3ee6 e-flex e-con-boxed e-con e-parent\" data-id=\"9cc3ee6\" data-element_type=\"container\">\n\t\t\t\t\t<div class=\"e-con-inner\">\n\t\t\t\t<div class=\"elementor-element elementor-element-6fd1c1e elementor-widget elementor-widget-spacer\" data-id=\"6fd1c1e\" data-element_type=\"widget\" data-widget_type=\"spacer.default\">\n\t\t\t\t<div class=\"elementor-widget-container\">\n\t\t\t\t\t\t\t<div class=\"elementor-spacer\">\n\t\t\t<div class=\"elementor-spacer-inner\"><\/div>\n\t\t<\/div>\n\t\t\t\t\t\t<\/div>\n\t\t\t\t<\/div>\n\t\t\t\t\t<\/div>\n\t\t\t\t<\/div>\n\t\t<div class=\"elementor-element elementor-element-fa94e4e e-flex e-con-boxed e-con e-parent\" data-id=\"fa94e4e\" data-element_type=\"container\">\n\t\t\t\t\t<div class=\"e-con-inner\">\n\t\t\t\t<div class=\"elementor-element elementor-element-f495a1f elementor-widget elementor-widget-heading\" data-id=\"f495a1f\" data-element_type=\"widget\" data-widget_type=\"heading.default\">\n\t\t\t\t<div class=\"elementor-widget-container\">\n\t\t\t\t\t<h4 class=\"elementor-heading-title elementor-size-default\">Contacta con nosotros y descubre por qu\u00e9 somos tu mejor opci\u00f3n para tus operaciones inmobiliarias\n\n<\/h4>\t\t\t\t<\/div>\n\t\t\t\t<\/div>\n\t\t\t\t\t<\/div>\n\t\t\t\t<\/div>\n\t\t<div class=\"elementor-element elementor-element-02d68be e-con-full e-flex e-con e-parent\" data-id=\"02d68be\" data-element_type=\"container\">\n\t\t<div class=\"elementor-element elementor-element-c55b9ce e-con-full e-flex e-con e-child\" data-id=\"c55b9ce\" data-element_type=\"container\">\n\t\t\t\t<div class=\"elementor-element elementor-element-7c528c9 elementor-widget elementor-widget-image\" data-id=\"7c528c9\" data-element_type=\"widget\" data-widget_type=\"image.default\">\n\t\t\t\t<div class=\"elementor-widget-container\">\n\t\t\t\t\t\t\t\t\t\t\t\t\t\t\t\t<a href=\"tel:+34%20661292111\" target=\"_blank\" rel=\"nofollow\">\n\t\t\t\t\t\t\t<img decoding=\"async\" width=\"640\" height=\"640\" src=\"https:\/\/inmobiliariaargenta.com\/wp-content\/uploads\/2025\/02\/phone_azul-1024x1024.png\" class=\"attachment-large size-large wp-image-299\" alt=\"\" srcset=\"https:\/\/inmobiliariaargenta.com\/wp-content\/uploads\/2025\/02\/phone_azul-1024x1024.png 1024w, https:\/\/inmobiliariaargenta.com\/wp-content\/uploads\/2025\/02\/phone_azul-300x300.png 300w, https:\/\/inmobiliariaargenta.com\/wp-content\/uploads\/2025\/02\/phone_azul-150x150.png 150w, https:\/\/inmobiliariaargenta.com\/wp-content\/uploads\/2025\/02\/phone_azul-768x768.png 768w, https:\/\/inmobiliariaargenta.com\/wp-content\/uploads\/2025\/02\/phone_azul.png 1280w\" sizes=\"(max-width: 640px) 100vw, 640px\" \/>\t\t\t\t\t\t\t\t<\/a>\n\t\t\t\t\t\t\t\t\t\t\t\t\t\t\t<\/div>\n\t\t\t\t<\/div>\n\t\t\t\t<\/div>\n\t\t<div class=\"elementor-element elementor-element-b3241fe e-con-full e-flex e-con e-child\" data-id=\"b3241fe\" data-element_type=\"container\">\n\t\t\t\t<div class=\"elementor-element elementor-element-e264578 elementor-widget elementor-widget-image\" data-id=\"e264578\" data-element_type=\"widget\" data-widget_type=\"image.default\">\n\t\t\t\t<div class=\"elementor-widget-container\">\n\t\t\t\t\t\t\t\t\t\t\t\t\t\t\t\t<a href=\"mailto:argentaguadix@gmail.com\">\n\t\t\t\t\t\t\t<img loading=\"lazy\" decoding=\"async\" width=\"640\" height=\"640\" src=\"https:\/\/inmobiliariaargenta.com\/wp-content\/uploads\/2025\/02\/email_azul-1024x1024.png\" class=\"attachment-large size-large wp-image-298\" alt=\"\" srcset=\"https:\/\/inmobiliariaargenta.com\/wp-content\/uploads\/2025\/02\/email_azul-1024x1024.png 1024w, https:\/\/inmobiliariaargenta.com\/wp-content\/uploads\/2025\/02\/email_azul-300x300.png 300w, https:\/\/inmobiliariaargenta.com\/wp-content\/uploads\/2025\/02\/email_azul-150x150.png 150w, https:\/\/inmobiliariaargenta.com\/wp-content\/uploads\/2025\/02\/email_azul-768x768.png 768w, https:\/\/inmobiliariaargenta.com\/wp-content\/uploads\/2025\/02\/email_azul.png 1280w\" sizes=\"(max-width: 640px) 100vw, 640px\" \/>\t\t\t\t\t\t\t\t<\/a>\n\t\t\t\t\t\t\t\t\t\t\t\t\t\t\t<\/div>\n\t\t\t\t<\/div>\n\t\t\t\t<\/div>\n\t\t<div class=\"elementor-element elementor-element-63db556 e-con-full e-flex e-con e-child\" data-id=\"63db556\" data-element_type=\"container\">\n\t\t\t\t<div class=\"elementor-element elementor-element-bc74906 elementor-widget elementor-widget-image\" data-id=\"bc74906\" data-element_type=\"widget\" data-widget_type=\"image.default\">\n\t\t\t\t<div class=\"elementor-widget-container\">\n\t\t\t\t\t\t\t\t\t\t\t\t\t\t\t\t<a href=\"https:\/\/www.idealista.com\/pro\/inmobiliaria-argenta\/venta-viviendas\/\">\n\t\t\t\t\t\t\t<img loading=\"lazy\" decoding=\"async\" width=\"640\" height=\"640\" src=\"https:\/\/inmobiliariaargenta.com\/wp-content\/uploads\/2025\/02\/web_azul-1024x1024.png\" class=\"attachment-large size-large wp-image-300\" alt=\"\" srcset=\"https:\/\/inmobiliariaargenta.com\/wp-content\/uploads\/2025\/02\/web_azul-1024x1024.png 1024w, https:\/\/inmobiliariaargenta.com\/wp-content\/uploads\/2025\/02\/web_azul-300x300.png 300w, https:\/\/inmobiliariaargenta.com\/wp-content\/uploads\/2025\/02\/web_azul-150x150.png 150w, https:\/\/inmobiliariaargenta.com\/wp-content\/uploads\/2025\/02\/web_azul-768x768.png 768w, https:\/\/inmobiliariaargenta.com\/wp-content\/uploads\/2025\/02\/web_azul.png 1280w\" sizes=\"(max-width: 640px) 100vw, 640px\" \/>\t\t\t\t\t\t\t\t<\/a>\n\t\t\t\t\t\t\t\t\t\t\t\t\t\t\t<\/div>\n\t\t\t\t<\/div>\n\t\t\t\t<\/div>\n\t\t\t\t<\/div>\n\t\t<div class=\"elementor-element elementor-element-0812250 e-flex e-con-boxed e-con e-parent\" data-id=\"0812250\" data-element_type=\"container\">\n\t\t\t\t\t<div class=\"e-con-inner\">\n\t\t\t\t<div class=\"elementor-element elementor-element-d61d062 elementor-widget elementor-widget-spacer\" data-id=\"d61d062\" data-element_type=\"widget\" data-widget_type=\"spacer.default\">\n\t\t\t\t<div class=\"elementor-widget-container\">\n\t\t\t\t\t\t\t<div class=\"elementor-spacer\">\n\t\t\t<div class=\"elementor-spacer-inner\"><\/div>\n\t\t<\/div>\n\t\t\t\t\t\t<\/div>\n\t\t\t\t<\/div>\n\t\t\t\t\t<\/div>\n\t\t\t\t<\/div>\n\t\t\t\t<\/div>\n\t\t","protected":false},"excerpt":{"rendered":"<p>Inmobiliaria Argenta: Tu hogar, nuestra prioridad. \u00bfPor qu\u00e9 elegirnos? Experiencia y conocimiento: Conocemos a la perfecci\u00f3n el mercado local, lo que nos permite ofrecerte las mejores opciones y asesorarte de manera personalizada. Atenci\u00f3n al cliente personalizada: Tu satisfacci\u00f3n es nuestra prioridad. Escuchamos tus necesidades y te brindamos un servicio cercano y transparente en cada operaci\u00f3n. [&hellip;]<\/p>\n","protected":false},"author":1,"featured_media":0,"parent":0,"menu_order":0,"comment_status":"closed","ping_status":"closed","template":"","meta":{"_acf_changed":false,"footnotes":""},"class_list":["post-2","page","type-page","status-publish","hentry"],"acf":[],"_links":{"self":[{"href":"https:\/\/inmobiliariaargenta.com\/index.php?rest_route=\/wp\/v2\/pages\/2","targetHints":{"allow":["GET"]}}],"collection":[{"href":"https:\/\/inmobiliariaargenta.com\/index.php?rest_route=\/wp\/v2\/pages"}],"about":[{"href":"https:\/\/inmobiliariaargenta.com\/index.php?rest_route=\/wp\/v2\/types\/page"}],"author":[{"embeddable":true,"href":"https:\/\/inmobiliariaargenta.com\/index.php?rest_route=\/wp\/v2\/users\/1"}],"replies":[{"embeddable":true,"href":"https:\/\/inmobiliariaargenta.com\/index.php?rest_route=%2Fwp%2Fv2%2Fcomments&post=2"}],"version-history":[{"count":61,"href":"https:\/\/inmobiliariaargenta.com\/index.php?rest_route=\/wp\/v2\/pages\/2\/revisions"}],"predecessor-version":[{"id":346,"href":"https:\/\/inmobiliariaargenta.com\/index.php?rest_route=\/wp\/v2\/pages\/2\/revisions\/346"}],"wp:attachment":[{"href":"https:\/\/inmobiliariaargenta.com\/index.php?rest_route=%2Fwp%2Fv2%2Fmedia&parent=2"}],"curies":[{"name":"wp","href":"https:\/\/api.w.org\/{rel}","templated":true}]}}